{"id":725,"date":"2025-05-26T14:16:11","date_gmt":"2025-05-26T14:16:11","guid":{"rendered":"https:\/\/www.holzapfel.cl\/blog\/?page_id=725"},"modified":"2025-11-18T18:55:20","modified_gmt":"2025-11-18T18:55:20","slug":"contacto","status":"publish","type":"page","link":"https:\/\/www.holzapfel.cl\/blog\/contacto\/","title":{"rendered":"Cont\u00e1ctenos"},"content":{"rendered":"<div data-colibri-id=\"725-c1\" class=\"style-488 style-local-725-c1 position-relative\">\n  <!---->\n  <div data-colibri-component=\"section\" data-colibri-id=\"725-c2\" id=\"custom\" class=\"h-section h-section-global-spacing d-flex align-items-lg-center align-items-md-center align-items-center style-491 style-local-725-c2 position-relative\">\n    <!---->\n    <!---->\n    <div class=\"h-section-grid-container h-section-boxed-container\">\n      <!---->\n      <div data-colibri-id=\"725-c3\" class=\"h-row-container gutters-row-lg-2 gutters-row-md-2 gutters-row-0 gutters-row-v-lg-2 gutters-row-v-md-2 gutters-row-v-2 style-492 style-local-725-c3 position-relative\">\n        <!---->\n        <div class=\"h-row justify-content-lg-center justify-content-md-center justify-content-center align-items-lg-stretch align-items-md-stretch align-items-stretch gutters-col-lg-2 gutters-col-md-2 gutters-col-0 gutters-col-v-lg-2 gutters-col-v-md-2 gutters-col-v-2\">\n          <!---->\n          <div class=\"h-column h-column-container d-flex h-col-lg-auto h-col-md-auto h-col-auto style-493-outer style-local-725-c4-outer\">\n            <div data-colibri-id=\"725-c4\" class=\"d-flex h-flex-basis h-column__inner h-px-lg-2 h-px-md-2 h-px-2 v-inner-lg-2 v-inner-md-2 v-inner-2 style-493 style-local-725-c4 position-relative\">\n              <!---->\n              <!---->\n              <div class=\"w-100 h-y-container h-column__content h-column__v-align flex-basis-100 align-self-lg-start align-self-md-start align-self-start\">\n                <!---->\n                <div data-colibri-id=\"725-c5\" class=\"h-contact-form__outer--forminator style-496 style-local-725-c5 position-relative h-element\">\n                  <!---->\n                  <div class=\"h-global-transition-all h-global-transition h-global-transition-all h-contact-form-shortcode\"><div class=\"forminator-ui forminator-custom-form forminator-custom-form-735 forminator-design--default  forminator_ajax\" data-forminator-render=\"0\" data-form=\"forminator-module-735\" data-uid=\"69ec7dbb893ee\"><br\/><\/div><form\n\t\t\t\tid=\"forminator-module-735\"\n\t\t\t\tclass=\"forminator-ui forminator-custom-form forminator-custom-form-735 forminator-design--default  forminator_ajax\"\n\t\t\t\tmethod=\"post\"\n\t\t\t\tdata-forminator-render=\"0\"\n\t\t\t\tdata-form-id=\"735\"\n\t\t\t\t\n\t\t\t\tdata-design=\"default\"\n\t\t\t\t\n\t\t\t\t\n\t\t\t\t\n\t\t\t\tdata-grid=\"open\"\n\t\t\t\t\n\t\t\t\t\n\t\t\t\tstyle=\"display: none;\"\n\t\t\t\t\n\t\t\t\tdata-uid=\"69ec7dbb893ee\"\n\t\t\t><div role=\"alert\" aria-live=\"polite\" class=\"forminator-response-message forminator-error\" aria-hidden=\"true\"><\/div><div class=\"forminator-row\"><div id=\"name-1\" class=\"forminator-field-name forminator-col forminator-col-12 \"><div class=\"forminator-field\"><label for=\"forminator-field-name-1_69ec7dbb893ee\" id=\"forminator-field-name-1_69ec7dbb893ee-label\" class=\"forminator-label\">Nombre <span class=\"forminator-required\">*<\/span><\/label><input type=\"text\" name=\"name-1\" value=\"\" placeholder=\"\" id=\"forminator-field-name-1_69ec7dbb893ee\" class=\"forminator-input forminator-name--field\" aria-required=\"true\" \/><\/div><\/div><\/div><div class=\"forminator-row\"><div id=\"email-1\" class=\"forminator-field-email forminator-col forminator-col-12 \"><div class=\"forminator-field\"><label for=\"forminator-field-email-1_69ec7dbb893ee\" id=\"forminator-field-email-1_69ec7dbb893ee-label\" class=\"forminator-label\">Email <span class=\"forminator-required\">*<\/span><\/label><input type=\"email\" name=\"email-1\" value=\"\" placeholder=\"\" id=\"forminator-field-email-1_69ec7dbb893ee\" class=\"forminator-input forminator-email--field\" data-required=\"true\" aria-required=\"true\" \/><\/div><\/div><\/div><div class=\"forminator-row\"><div id=\"phone-1\" class=\"forminator-field-phone forminator-col forminator-col-12 \"><div class=\"forminator-field\"><label for=\"forminator-field-phone-1_69ec7dbb893ee\" id=\"forminator-field-phone-1_69ec7dbb893ee-label\" class=\"forminator-label\">Tel\u00e9fono <span class=\"forminator-required\">*<\/span><\/label><input type=\"text\" name=\"phone-1\" value=\"\" placeholder=\"\" id=\"forminator-field-phone-1_69ec7dbb893ee\" class=\"forminator-input forminator-field--phone\" data-required=\"1\" aria-required=\"true\" autocomplete=\"off\" \/><\/div><\/div><\/div><div class=\"forminator-row\"><div id=\"textarea-1\" class=\"forminator-field-textarea forminator-col forminator-col-12 \"><div class=\"forminator-field\"><label for=\"forminator-field-textarea-1_69ec7dbb893ee\" id=\"forminator-field-textarea-1_69ec7dbb893ee-label\" class=\"forminator-label\">Mensaje <span class=\"forminator-required\">*<\/span><\/label><span id=\"forminator-field-textarea-1_69ec7dbb893ee-description\" class=\"forminator-description\"><span data-limit=\"180\" data-type=\"characters\" data-editor=\"\">0 \/ 180<\/span><\/span><textarea name=\"textarea-1\" placeholder=\"\" id=\"forminator-field-textarea-1_69ec7dbb893ee\" class=\"forminator-textarea\" rows=\"6\" style=\"min-height:140px;\" maxlength=\"180\" ><\/textarea><\/div><\/div><\/div><div class=\"forminator-row\"><div id=\"captcha-1\" class=\"forminator-field-captcha forminator-col forminator-col-12 \"><div class=\"forminator-captcha-left forminator-g-recaptcha\" data-theme=\"light\"  data-sitekey=\"6LdfbUsrAAAAABkY6CHBDF_96xJ1lcIoFFNkT4dx\" data-size=\"normal\"><\/div> <\/div><\/div><input type=\"hidden\" name=\"referer_url\" value=\"\" \/><div class=\"forminator-row forminator-row-last\"><div class=\"forminator-col\"><div class=\"forminator-field\"><button class=\"forminator-button forminator-button-submit\">Enviar<\/button><\/div><\/div><\/div><input type=\"hidden\" id=\"forminator_nonce\" name=\"forminator_nonce\" value=\"83571f9d58\" \/><input type=\"hidden\" name=\"_wp_http_referer\" value=\"\/blog\/wp-json\/wp\/v2\/pages\/725\" \/><input type=\"hidden\" name=\"form_id\" value=\"735\"><input type=\"hidden\" name=\"page_id\" value=\"725\"><input type=\"hidden\" name=\"form_type\" value=\"default\"><input type=\"hidden\" name=\"current_url\" value=\"https:\/\/www.holzapfel.cl\/blog\/contacto\/\"><input type=\"hidden\" name=\"render_id\" value=\"0\"><input type=\"hidden\" name=\"action\" value=\"forminator_submit_form_custom-forms\"><\/form><\/div>\n                <\/div>\n              <\/div>\n            <\/div>\n          <\/div>\n          <div class=\"h-column h-column-container d-flex h-col-lg-auto h-col-md-auto h-col-auto style-494-outer style-local-725-c6-outer\">\n            <div data-colibri-id=\"725-c6\" class=\"d-flex h-flex-basis h-column__inner h-px-lg-2 h-px-md-2 h-px-2 v-inner-lg-2 v-inner-md-2 v-inner-2 style-494 style-local-725-c6 position-relative\">\n              <!---->\n              <!---->\n              <div class=\"w-100 h-y-container h-column__content h-column__v-align flex-basis-100 align-self-lg-start align-self-md-start align-self-start\">\n                <!---->\n                <div data-colibri-id=\"725-c7\" class=\"style-502 style-local-725-c7 position-relative h-element\">\n                  <!---->\n                <\/div>\n                <div data-colibri-id=\"725-c8\" class=\"h-text h-text-component style-497 style-local-725-c8 position-relative h-element\">\n                  <!---->\n                  <!---->\n                  <div class=\"\">\n                    <p><strong style=\"font-weight: 700; font-size: 24px; font-family: system-ui, -apple-system, &quot;Segoe UI&quot;, Roboto, &quot;Helvetica Neue&quot;, &quot;Noto Sans&quot;, &quot;Liberation Sans&quot;, Arial, sans-serif, &quot;Apple Color Emoji&quot;, &quot;Segoe UI Emoji&quot;, &quot;Segoe UI Symbol&quot;, &quot;Noto Color Emoji&quot;; color: rgb(12, 96, 115);\">BOMBAS HOLZAPFEL SPA<\/strong><\/p>\n                  <\/div>\n                <\/div>\n                <div data-colibri-id=\"725-c9\" class=\"h-text h-text-component style-498 style-local-725-c9 position-relative h-element\">\n                  <!---->\n                  <!---->\n                  <div class=\"\">\n                    <p><span style=\"color: rgb(33, 37, 41); font-family: Nunito; font-size: 101%; font-weight: 400;\">Jos\u00e9 Manuel Infante 1737 &#8211; Providencia &#8211; Santiago &#8211; Chile<\/span><\/p>\n                  <\/div>\n                <\/div>\n                <div data-colibri-id=\"725-c10\" class=\"h-text h-text-component style-499 style-local-725-c10 position-relative h-element\">\n                  <!---->\n                  <!---->\n                  <div class=\"\">\n                    <p><span style=\"font-family: Nunito; color: rgb(61, 61, 61);\">Tel\u00e9fono: (56-2) 2204 0900<\/span><\/p>\n                  <\/div>\n                <\/div>\n                <div data-colibri-id=\"725-c11\" class=\"h-text h-text-component style-500 style-local-725-c11 position-relative h-element\">\n                  <!---->\n                  <!---->\n                  <div class=\"\">\n                    <p><strong style=\"font-weight: 700; font-size: 24px; font-family: system-ui, -apple-system, &quot;Segoe UI&quot;, Roboto, &quot;Helvetica Neue&quot;, &quot;Noto Sans&quot;, &quot;Liberation Sans&quot;, Arial, sans-serif, &quot;Apple Color Emoji&quot;, &quot;Segoe UI Emoji&quot;, &quot;Segoe UI Symbol&quot;, &quot;Noto Color Emoji&quot;; color: rgb(12, 96, 115);\">Horarios de atenci\u00f3n:<\/strong><\/p>\n                  <\/div>\n                <\/div>\n                <div data-colibri-id=\"725-c12\" class=\"h-text h-text-component style-501 style-local-725-c12 position-relative h-element\">\n                  <!---->\n                  <!---->\n                  <div class=\"\">\n                    <p><span style=\"font-weight: 400; font-size: 14px; font-family: Nunito; color: rgb(33, 37, 41);\">lunes a jueves de 9:00 a 18:30 hrs y viernes de 9:00 a 18:00 hrs.<\/span><\/p>\n                  <\/div>\n                <\/div>\n              <\/div>\n            <\/div>\n          <\/div>\n        <\/div>\n      <\/div>\n    <\/div>\n  <\/div>\n<\/div>","protected":false},"excerpt":{"rendered":"<p>BOMBAS HOLZAPFEL SPA Jos\u00e9 Manuel Infante 1737 &#8211; Providencia &#8211; Santiago &#8211; Chile Tel\u00e9fono: (56-2) 2204 0900 Horarios de atenci\u00f3n: lunes a jueves de 9:00 a 18:30 hrs y viernes de 9:00 a 18:00 hrs.<\/p>\n","protected":false},"author":1,"featured_media":0,"parent":0,"menu_order":0,"comment_status":"closed","ping_status":"closed","template":"page-templates\/full-width-page.php","meta":{"footnotes":""},"class_list":["post-725","page","type-page","status-publish","hentry"],"aioseo_notices":[],"_links":{"self":[{"href":"https:\/\/www.holzapfel.cl\/blog\/wp-json\/wp\/v2\/pages\/725","targetHints":{"allow":["GET"]}}],"collection":[{"href":"https:\/\/www.holzapfel.cl\/blog\/wp-json\/wp\/v2\/pages"}],"about":[{"href":"https:\/\/www.holzapfel.cl\/blog\/wp-json\/wp\/v2\/types\/page"}],"author":[{"embeddable":true,"href":"https:\/\/www.holzapfel.cl\/blog\/wp-json\/wp\/v2\/users\/1"}],"replies":[{"embeddable":true,"href":"https:\/\/www.holzapfel.cl\/blog\/wp-json\/wp\/v2\/comments?post=725"}],"version-history":[{"count":7,"href":"https:\/\/www.holzapfel.cl\/blog\/wp-json\/wp\/v2\/pages\/725\/revisions"}],"predecessor-version":[{"id":936,"href":"https:\/\/www.holzapfel.cl\/blog\/wp-json\/wp\/v2\/pages\/725\/revisions\/936"}],"wp:attachment":[{"href":"https:\/\/www.holzapfel.cl\/blog\/wp-json\/wp\/v2\/media?parent=725"}],"curies":[{"name":"wp","href":"https:\/\/api.w.org\/{rel}","templated":true}]}}